{"id":12335,"date":"2025-02-11T13:37:07","date_gmt":"2025-02-11T13:37:07","guid":{"rendered":"https:\/\/www.frapan-invest.com\/?page_id=12335"},"modified":"2025-10-15T14:07:02","modified_gmt":"2025-10-15T14:07:02","slug":"registration-webinar","status":"publish","type":"page","link":"https:\/\/www.frapan-invest.com\/en\/registration-webinar\/","title":{"rendered":"Registration Webinar"},"content":{"rendered":"<div class=\"wpb-content-wrapper\"><p>[vc_row full_width=&#8221;stretch_row_content&#8221; equal_height=&#8221;yes&#8221; css=&#8221;.vc_custom_1708421160601{margin-top: 0px !important;margin-right: 0px !important;margin-bottom: 0px !important;border-top-width: 0px !important;border-right-width: 0px !important;border-bottom-width: 0px !important;padding-top: 0px !important;padding-right: 0px !important;padding-bottom: 0px !important;background-color: #ffffff !important;}&#8221; el_class=&#8221;swapContainer&#8221;][vc_column width=&#8221;1\/6&#8243; css=&#8221;.vc_custom_1708421656272{margin-top: 0px !important;margin-right: 0px !important;margin-bottom: 0px !important;margin-left: 0px !important;border-top-width: 0px !important;border-right-width: 0px !important;border-bottom-width: 0px !important;border-left-width: 0px !important;padding-top: 0px !important;padding-right: 50px !important;padding-bottom: 0px !important;padding-left: 50px !important;}&#8221; el_class=&#8221;swapModule1 mobilePadding&#8221;][\/vc_column][vc_column width=&#8221;2\/3&#8243;][vc_empty_space height=&#8221;20px&#8221; el_class=&#8221;noMobile&#8221;][vc_custom_heading text=&#8221;Register now&#8221; font_container=&#8221;tag:h6|font_size:18px|text_align:left|color:%23a3a9c8&#8243; use_theme_fonts=&#8221;yes&#8221; css=&#8221;.vc_custom_1739281062667{margin-bottom: 2px !important;}&#8221;][vc_custom_heading text=&#8221;Registration for the webinar \u201cPanama Investments &amp; Plan B\u201d&#8221; font_container=&#8221;tag:h3|font_size:45px|text_align:left|line_height:1.2&#8243; use_theme_fonts=&#8221;yes&#8221; css=&#8221;&#8221;][vc_column_text css=&#8221;&#8221;]Here you can register for the next webinar free of charge. After submitting your registration details, you will receive a confirmation email to verify your registration. <strong>Please note:<\/strong> You are only registered for the webinar once you have completed the verification via the link in the confirmation email.<\/p>\n<p>The webinar will be conducted in German.[\/vc_column_text][\/vc_column][vc_column width=&#8221;1\/6&#8243;][\/vc_column][\/vc_row][vc_row full_width=&#8221;stretch_row&#8221; css=&#8221;.vc_custom_1715613738721{padding-top: 1.5rem !important;background-color: #f7f8f8 !important;}&#8221;][vc_column][vc_column_text css=&#8221;.vc_custom_1760537216067{margin-top: 0px !important;border-top-width: 0px !important;padding-top: 0px !important;}&#8221;] <div class=\"brlbs-cmpnt-container brlbs-cmpnt-content-blocker brlbs-cmpnt-with-individual-styles\" data-borlabs-cookie-content-blocker-id=\"recaptcha\" data-borlabs-cookie-content=\"\"><div class=\"brlbs-cmpnt-cb-preset-a\"> <p class=\"brlbs-cmpnt-cb-description\">You are currently viewing a placeholder content from <strong>Google reCAPTCHA<\/strong>. To access the actual content, click the button below. Please note that doing so will share data with third-party providers.<\/p> <div class=\"brlbs-cmpnt-cb-buttons\"> <a class=\"brlbs-cmpnt-cb-btn\" href=\"#\" data-borlabs-cookie-unblock role=\"button\">Unblock content<\/a> <a class=\"brlbs-cmpnt-cb-btn\" href=\"#\" data-borlabs-cookie-accept-service role=\"button\" style=\"display: none\">Accept required service and unblock content<\/a> <\/div> <a class=\"brlbs-cmpnt-cb-provider-toggle\" href=\"#\" data-borlabs-cookie-show-provider-information role=\"button\">More Information<\/a> '<\/div>'<\/div>\n<p>                    <script type=\"text\/javascript\">\n                        var onloadSibCallback = function () {\n                            jQuery('.g-recaptcha').each(function (index, el) {\n                                grecaptcha.render(el, {\n                                    'sitekey': jQuery(el).attr('data-sitekey')\n                                });\n                            });\n                        };\n                    <\/script>\n\t\t\t\t\t                <script src=\"https:\/\/www.google.com\/recaptcha\/api.js?onload=onloadSibCallback&render=explicit\" async defer><\/script>\n\t\t\t\t\n\t\t\t<form id=\"sib_signup_form_6\" method=\"post\" class=\"sib_signup_form\">\n\t\t\t\t<div class=\"sib_loader\" style=\"display:none;\"><img\n\t\t\t\t\t\t\tsrc=\"https:\/\/www.frapan-invest.com\/wp-includes\/images\/spinner.gif\" alt=\"loader\"><\/div>\n\t\t\t\t<input type=\"hidden\" name=\"sib_form_action\" value=\"subscribe_form_submit\">\n\t\t\t\t<input type=\"hidden\" name=\"sib_form_id\" value=\"6\">\n                <input type=\"hidden\" name=\"sib_form_alert_notice\" value=\"Bitte f\u00fcllen Sie dieses Feld aus\">\n                <input type=\"hidden\" name=\"sib_form_invalid_email_notice\" value=\"Ihre E-Mail Adresse ist ung\u00fcltig\">\n                <input type=\"hidden\" name=\"sib_security\" value=\"c4db55d1e6\">\n\t\t\t\t<div class=\"sib_signup_box_inside_6\">\n\t\t\t\t\t<div style=\"\/*display:none*\/\" class=\"sib_msg_disp\">\n\t\t\t\t\t<\/div>\n                    \t\t\t\t\t<p class=\"sib-GENDER-area\"> \r\n    <div style=\"display:block\"><label class=\"sib-GENDER-area\">Anrede*<\/label><\/div> \r\n    <div style=\"display:inline-block\"><input type=\"radio\" class=\"sib-GENDER-area\" name=\"GENDER\" value=\"1\" required=\"required\">Herr<\/div> \r\n    <div style=\"margin-left:10px;display:inline-block\"><input type=\"radio\" class=\"sib-GENDER-area\" name=\"GENDER\" value=\"2\" required=\"required\">Frau<\/div>\r\n\r\n<p class=\"sib-email-area\"> \r\n    <label class=\"sib-email-area\">E-Mail-Adresse*<\/label> \r\n    <input type=\"email\" class=\"sib-email-area\" name=\"email\" placeholder=\"\" value=\"\" required=\"required\"> \r\n<\/p>\r\n\r\n<p class=\"sib-VORNAME-area\"> \r\n    <label class=\"sib-VORNAME-area\">Vorname*<\/label> \r\n    <input type=\"text\" class=\"sib-VORNAME-area\" name=\"VORNAME\"> \r\n<\/p>\r\n\r\n<p class=\"sib-NACHNAME-area\"> \r\n    <label class=\"sib-NACHNAME-area\">Nachname*<\/label> \r\n    <input type=\"text\" class=\"sib-NACHNAME-area\" name=\"NACHNAME\"> \r\n<\/p>\r\n<p style=\"display:none\"> \r\n    <input type=\"text\" class=\"sib-KAMPAGNEN-area\" name=\"KAMPAGNEN\"> \r\n<\/p>\r\n<p><input type=\"checkbox\" name=\"terms\" required=\"required\">\u00a0\u00a0Den <a href=\"https:\/\/www.frapan-invest.com\/datenschutz\/\">Datenschutzbestimmungen<\/a> zustimmen*<\/p>\r\n<br \/>\r\n\r\n<div id=\"sib_captcha\" class=\"g-recaptcha\" data-sitekey=\"6LdRgQ0qAAAAAI5gv4_k0wT2TxGllNfJGNTcTtbR\"><\/div>\r\n<input class=\"sib-default-btn\" type=\"submit\" value=\"Anmelden\">\r\n\r\n<p><small>Wir verwenden Brevo als unsere Marketing-Plattform. Mit Ihrer Anmeldung zum Webinar erkl\u00e4ren Sie sich gleichzeitig damit einverstanden, auch k\u00fcnftig unseren Newsletter zu erhalten. Ihre pers\u00f6nlichen Daten werden an Brevo \u00fcbermittelt und gem\u00e4\u00df deren <a href=\"https:\/\/www.brevo.com\/de\/legal\/privacypolicy\/\" target=\"_blank\" rel=\"noopener\">Datenschutzrichtlinien<\/a> verarbeitet. Sie k\u00f6nnen den Newsletter jederzeit \u00fcber den Link in unseren Newsletter abbestellen.<\/small><\/p>\r\n\t\t\t\t<\/div>\n\t\t\t<\/form>\n\t\t\t<style>\n\t\t\t\tform#sib_signup_form_6 { padding: 5px; -moz-box-sizing:border-box; -webkit-box-sizing: border-box; box-sizing: border-box; } form#sib_signup_form_6 input[type=text],form#sib_signup_form_6 input[type=email], form#sib_signup_form_6 select { background-color:#fff;width: 100%; border: 1px solid #bbb; height: auto; margin: 5px 0 0 0; } form#sib_signup_form_6 .sib-default-btn { margin: 5px 0; padding: 6px 12px; color:#fff; background-color: rgb(0, 186, 255); border-color: rgb(0, 186, 255); font-size: 14px; font-weight:400; line-height: 1.4285; text-align: center; cursor: pointer; vertical-align: middle; -webkit-user-select:none; -moz-user-select:none; -ms-user-select:none; user-select:none; white-space: normal; border:1px solid transparent; border-radius: 3px; } form#sib_signup_form_6 .sib-default-btn:hover { background-color: rgb(0, 186, 255); } form#sib_signup_form_6 p{ margin: 10px 0 0 0; }form#sib_signup_form_6 p.sib-alert-message {\n    padding: 6px 12px;\n    margin-bottom: 20px;\n    border: 1px solid transparent;\n    border-radius: 4px;\n    -webkit-box-sizing: border-box;\n    -moz-box-sizing: border-box;\n    box-sizing: border-box;\n}\nform#sib_signup_form_6 p.sib-alert-message-error {\n    background-color: #f2dede;\n    border-color: #ebccd1;\n    color: #a94442;\n}\nform#sib_signup_form_6 p.sib-alert-message-success {\n    background-color: #dff0d8;\n    border-color: #d6e9c6;\n    color: #3c763d;\n}\nform#sib_signup_form_6 p.sib-alert-message-warning {\n    background-color: #fcf8e3;\n    border-color: #faebcc;\n    color: #8a6d3b;\n}\n\t\t\t<\/style>\n\t\t\t[\/vc_column_text][\/vc_column][\/vc_row]<\/p>\n<\/div>","protected":false},"excerpt":{"rendered":"<p>[vc_row full_width=&#8221;stretch_row_content&#8221; equal_height=&#8221;yes&#8221; css=&#8221;.vc_custom_1708421160601{margin-top: 0px !important;margin-right: 0px !important;margin-bottom: 0px !important;border-top-width: 0px !important;border-right-width: 0px !important;border-bottom-width: 0px !important;padding-top: 0px !important;padding-right: 0px !important;padding-bottom: 0px !important;background-color: #ffffff !important;}&#8221; el_class=&#8221;swapContainer&#8221;][vc_column width=&#8221;1\/6&#8243; css=&#8221;.vc_custom_1708421656272{margin-top: 0px !important;margin-right: 0px !important;margin-bottom: 0px !important;margin-left: 0px !important;border-top-width: 0px !important;border-right-width: 0px !important;border-bottom-width: 0px !important;border-left-width: 0px !important;padding-top: 0px !important;padding-right: 50px !important;padding-bottom: 0px !important;padding-left: 50px !important;}&#8221; el_class=&#8221;swapModule1 mobilePadding&#8221;][\/vc_column][vc_column width=&#8221;2\/3&#8243;][vc_empty_space height=&#8221;20px&#8221; [&hellip;]<\/p>\n","protected":false},"author":13,"featured_media":0,"parent":0,"menu_order":0,"comment_status":"closed","ping_status":"closed","template":"","meta":{"ngg_post_thumbnail":0,"footnotes":""},"class_list":["post-12335","page","type-page","status-publish","hentry"],"_links":{"self":[{"href":"https:\/\/www.frapan-invest.com\/en\/wp-json\/wp\/v2\/pages\/12335","targetHints":{"allow":["GET"]}}],"collection":[{"href":"https:\/\/www.frapan-invest.com\/en\/wp-json\/wp\/v2\/pages"}],"about":[{"href":"https:\/\/www.frapan-invest.com\/en\/wp-json\/wp\/v2\/types\/page"}],"author":[{"embeddable":true,"href":"https:\/\/www.frapan-invest.com\/en\/wp-json\/wp\/v2\/users\/13"}],"replies":[{"embeddable":true,"href":"https:\/\/www.frapan-invest.com\/en\/wp-json\/wp\/v2\/comments?post=12335"}],"version-history":[{"count":15,"href":"https:\/\/www.frapan-invest.com\/en\/wp-json\/wp\/v2\/pages\/12335\/revisions"}],"predecessor-version":[{"id":12350,"href":"https:\/\/www.frapan-invest.com\/en\/wp-json\/wp\/v2\/pages\/12335\/revisions\/12350"}],"wp:attachment":[{"href":"https:\/\/www.frapan-invest.com\/en\/wp-json\/wp\/v2\/media?parent=12335"}],"curies":[{"name":"wp","href":"https:\/\/api.w.org\/{rel}","templated":true}]}}